{"id":13184,"date":"2025-03-10T14:57:03","date_gmt":"2025-03-10T13:57:03","guid":{"rendered":"https:\/\/www.abogadasmf.com\/?page_id=13184"},"modified":"2025-03-10T14:57:03","modified_gmt":"2025-03-10T13:57:03","slug":"advocada-barcelona-2","status":"publish","type":"page","link":"https:\/\/www.abogadasmf.com\/ca\/advocada-barcelona-2\/","title":{"rendered":"Advocada Barcelona"},"content":{"rendered":"<div class=\"row \"><div class=\"wpv-grid grid-1-1  wpv-first-level first unextended\" style=\"padding-top:0px;padding-bottom:0px\" id=\"about-content\" ><div class=\"sep\"><\/div>\n<div class=\"row \"><div class=\"wpv-grid grid-1-1  first unextended animation-from-bottom animated-active\" style=\"padding-top:0px;padding-bottom:0px\" id=\"wpv-column-5222064f1c94ccefcf302a802f73b36d\" ><h1>Advocada Barcelona<\/h1>\n<p><strong>Mateo Ferr\u00fas Advocades \u00e9s un despatx especialitzat en Dret de Fam\u00edlia, Divorcis i Successions.<\/strong><\/p>\n<p>Si necessites l&#8217;assessorament d&#8217;una <strong>advocada a Barcelona<\/strong>\u00a0no dubtis a posar-te en contacte amb nosaltres. En <strong>Mateo Ferr\u00fas Advocades<\/strong> t&#8217;oferim un assessorament personalitzat i t&#8217;acompanyem perqu\u00e8 les decisions legals importants de la teva vida puguis prendre-les amb el coneixement legal necessari que et permeti escollir l&#8217;opci\u00f3 m\u00e9s adequada als teus interessos i necessitats, donant-te la m\u00e0xima tranquil\u00b7litat.<\/p>\n<p>Dins de l&#8217;\u00e0rea del Dret Civil sobresortim, per la nostra dedicaci\u00f3 i \u00e0mplia experi\u00e8ncia, en l\u2019\u00e0mbit del Dret Matrimonial i Successori. L&#8217;equip <a href=\"http:\/\/www.abogadasmf.com\/abogadas-en-barcelona\/\"><em>d&#8217;advocades a Barcelona<\/em><\/a> est\u00e0 altament especialitzat i en formaci\u00f3 cont\u00ednua per oferir-te el millor assessorament en el teu proc\u00e9s de separaci\u00f3, divorci o ruptura de parella de fet, o relaci\u00f3 paternofilial. Reclamarem teus drets hereditaris o t&#8217;aconsellarem de quina \u00e9s la millor opci\u00f3 perqu\u00e8 es vegin complertes les teves \u00faltimes voluntats sense que puguin impugnar el testament que facis.<\/p>\n<p>En l&#8217;\u00e0mbit del Dret Penal el nostre equip <a href=\"http:\/\/www.abogadasmf.com\/abogados-en-barcelona\/\"><em>d&#8217;advocats a Barcelona<\/em><\/a>\u00a0et defensaran o exerciran l&#8217;acusaci\u00f3 particular tant en els judicis per delictes lleus d&#8217;inj\u00faries, cal\u00famnies, amenaces, alcohol\u00e8mies, lesions, com en delictes relacionats amb la viol\u00e8ncia dom\u00e8stica (amb sol\u00b7licitud d&#8217;ordre de protecci\u00f3 i mesures civils per a la protecci\u00f3 de la v\u00edctima i els menors), delictes de descobriment i revelaci\u00f3 de secrets, delictes d&#8217;assetjament o stalking.<\/p>\n<p><strong>Mateo Ferr\u00fas Abogadas<\/strong>\u00a0es posa al teu servei per oferir-te la seva experi\u00e8ncia, professionalitat i efici\u00e8ncia en la resoluci\u00f3 dels teus problemes legals. Truca&#8217;ns al\u00a0<a href=\"tel:930003848\">93 000 38 48<\/a>.<\/div><\/div><\/div><\/div>\n<div class=\"row \"><div class=\"wpv-grid grid-1-1  wpv-first-level first unextended\" style=\"padding-top:0px;padding-bottom:0px\" id=\"about-content\" ><div class=\"sep\"><\/div>\n<div class=\"row \"><div class=\"wpv-grid grid-1-1  first unextended animation-from-bottom animated-active\" style=\"padding-top:0px;padding-bottom:0px\" id=\"wpv-column-f6bd0ab5b46dc8698a4d482c39bf41fb\" ><h3><span style=\"color: #9d2235;\"><strong>Reserva la teva cita.\u00a0<\/strong><\/span><\/h3>\n<h4><strong>Honoraris transparents. Amb nosaltres, des del principi sabr\u00e0s el cost del servei jur\u00eddic que el teu assumpte requereix, per tenir total tranquil\u00b7litat durant tot el proc\u00e9s.<\/strong><\/h4>\n<h4><span style=\"color: #9d2235;\"><strong>Explica&#8217;ns el teu cas i t&#8217;ajudarem.<\/strong><\/span><\/h4><\/div><\/div><\/div><\/div>\n<div class=\"row \"><div class=\"wpv-grid grid-1-2  wpv-first-level first unextended\" style=\"padding-top:0px;padding-bottom:0px\" id=\"about-content\" ><div class=\"push\" style='height:30px'><\/div>\n<div class=\"row \"><div class=\"wpv-grid grid-1-1  first unextended\" style=\"padding-top:0px;padding-bottom:0px\" id=\"wpv-column-2bb40575fb55bec5307d1d855d6dff91\" ><p><style id=\"wpforms-css-vars-44659\">\n\t\t\t\t#wpforms-44659 {\n\t\t\t\t\n\t\t\t}\n\t\t\t<\/style><div class=\"wpforms-container wpforms-container-full wpforms-render-modern\" id=\"wpforms-44659\"><form id=\"wpforms-form-44659\" class=\"wpforms-validate wpforms-form wpforms-ajax-form\" data-formid=\"44659\" method=\"post\" enctype=\"multipart\/form-data\" action=\"\/ca\/wp-json\/wp\/v2\/pages\/13184\" data-token=\"c7da2d6109102e420bedde04ab87bc8c\" data-token-time=\"1776250567\"><noscript class=\"wpforms-error-noscript\">Activeu el JavaScript al navegador per a poder completar el formulari.<\/noscript><div id=\"wpforms-error-noscript\" style=\"display: none;\">Activeu el JavaScript al navegador per a poder completar el formulari.<\/div><div class=\"wpforms-field-container\"><div id=\"wpforms-44659-field_1-container\" class=\"wpforms-field wpforms-field-name\" data-field-id=\"1\"><label class=\"wpforms-field-label\" for=\"wpforms-44659-field_1\">Nom <span class=\"wpforms-required-label\" aria-hidden=\"true\">*<\/span><\/label><input type=\"text\" id=\"wpforms-44659-field_1\" class=\"wpforms-field-medium wpforms-field-required\" name=\"wpforms[fields][1]\" aria-errormessage=\"wpforms-44659-field_1-error\" required><\/div><div id=\"wpforms-44659-field_2-container\" class=\"wpforms-field wpforms-field-email\" data-field-id=\"2\"><label class=\"wpforms-field-label\" for=\"wpforms-44659-field_2\">Correu electr\u00f2nic <span class=\"wpforms-required-label\" aria-hidden=\"true\">*<\/span><\/label><input type=\"email\" id=\"wpforms-44659-field_2\" class=\"wpforms-field-medium wpforms-field-required\" name=\"wpforms[fields][2]\" spellcheck=\"false\" aria-errormessage=\"wpforms-44659-field_2-error\" required><\/div><div id=\"wpforms-44659-field_6-container\" class=\"wpforms-field wpforms-field-number\" data-field-id=\"6\"><label class=\"wpforms-field-label\" for=\"wpforms-44659-field_6\">N\u00famero de tel\u00e8fon <span class=\"wpforms-required-label\" aria-hidden=\"true\">*<\/span><\/label><input type=\"number\" id=\"wpforms-44659-field_6\" class=\"wpforms-field-medium wpforms-field-required\" name=\"wpforms[fields][6]\" step=\"any\" aria-errormessage=\"wpforms-44659-field_6-error\" required><\/div>\t\t<div id=\"wpforms-44659-field_5-container\"\n\t\t\tclass=\"wpforms-field wpforms-field-text\"\n\t\t\tdata-field-type=\"text\"\n\t\t\tdata-field-id=\"5\"\n\t\t\t>\n\t\t\t<label class=\"wpforms-field-label\" for=\"wpforms-44659-field_5\" >N\u00famero Nom tel\u00e8fon<\/label>\n\t\t\t<input type=\"text\" id=\"wpforms-44659-field_5\" class=\"wpforms-field-medium\" name=\"wpforms[fields][5]\" >\n\t\t<\/div>\n\t\t<div id=\"wpforms-44659-field_3-container\" class=\"wpforms-field wpforms-field-textarea\" data-field-id=\"3\"><label class=\"wpforms-field-label\" for=\"wpforms-44659-field_3\">Breu descripci\u00f3 del teu assumpte per ajudarte: <span class=\"wpforms-required-label\" aria-hidden=\"true\">*<\/span><\/label><textarea id=\"wpforms-44659-field_3\" class=\"wpforms-field-medium wpforms-field-required\" name=\"wpforms[fields][3]\" aria-errormessage=\"wpforms-44659-field_3-error\" required><\/textarea><\/div><div id=\"wpforms-44659-field_4-container\" class=\"wpforms-field wpforms-field-gdpr-checkbox\" data-field-id=\"4\"><label class=\"wpforms-field-label\">Acord RGPD <span class=\"wpforms-required-label\" aria-hidden=\"true\">*<\/span><\/label><ul id=\"wpforms-44659-field_4\" class=\"wpforms-field-required\"><li class=\"choice-1\"><input type=\"checkbox\" id=\"wpforms-44659-field_4_1\" name=\"wpforms[fields][4][]\" value=\"He llegit i accepto la pol\u00edtica de protecci\u00f3 de dades personals.\" aria-errormessage=\"wpforms-44659-field_4_1-error\" required ><label class=\"wpforms-field-label-inline\" for=\"wpforms-44659-field_4_1\">He llegit i accepto la pol\u00edtica de protecci\u00f3 de dades personals.<\/label><\/li><\/ul><\/div><script>\n\t\t\t\t( function() {\n\t\t\t\t\tconst style = document.createElement( 'style' );\n\t\t\t\t\tstyle.appendChild( document.createTextNode( '#wpforms-44659-field_5-container { position: absolute !important; overflow: hidden !important; display: inline !important; height: 1px !important; width: 1px !important; z-index: -1000 !important; padding: 0 !important; } #wpforms-44659-field_5-container input { visibility: hidden; } #wpforms-conversational-form-page #wpforms-44659-field_5-container label { counter-increment: none; }' ) );\n\t\t\t\t\tdocument.head.appendChild( style );\n\t\t\t\t\tdocument.currentScript?.remove();\n\t\t\t\t} )();\n\t\t\t<\/script><\/div><!-- .wpforms-field-container --><div class=\"wpforms-submit-container\" ><input type=\"hidden\" name=\"wpforms[id]\" value=\"44659\"><input type=\"hidden\" name=\"page_title\" value=\"\"><input type=\"hidden\" name=\"page_url\" value=\"https:\/\/www.abogadasmf.com\/ca\/wp-json\/wp\/v2\/pages\/13184\"><input type=\"hidden\" name=\"url_referer\" value=\"\"><button type=\"submit\" name=\"wpforms[submit]\" id=\"wpforms-submit-44659\" class=\"wpforms-submit\" data-alt-text=\"Enviant...\" data-submit-text=\"Enviar\" aria-live=\"assertive\" value=\"wpforms-submit\">Enviar<\/button><img loading=\"lazy\" decoding=\"async\" src=\"https:\/\/www.abogadasmf.com\/wp-content\/plugins\/wpforms\/assets\/images\/submit-spin.svg\" class=\"wpforms-submit-spinner\" style=\"display: none;\" width=\"26\" height=\"26\" alt=\"S&#039;est\u00e0 carregant\"><\/div><\/form><\/div>  <!-- .wpforms-container --><\/div><\/div><\/div>\n<div class=\"wpv-grid grid-1-2  wpv-first-level unextended\" style=\"padding-top:0px;padding-bottom:0px\" id=\"about-content\" ><div class=\"row \"><div class=\"wpv-grid grid-1-1  first unextended animation-from-bottom animated-active\" style=\"padding-top:0px;padding-bottom:0px\" id=\"wpv-column-82a9c3364cc939faf2325894bfed2045\" ><p style=\"text-align: center;\"><a href=\"http:\/\/www.abogadasmf.com\/wp-content\/uploads\/2018\/02\/abogados-familia-barcelona.jpg\"><img loading=\"lazy\" decoding=\"async\" class=\"alignnone size-full wp-image-12150\" src=\"http:\/\/www.abogadasmf.com\/wp-content\/uploads\/2018\/02\/abogados-familia-barcelona.jpg\" alt=\"abogados familia barcelona\" width=\"500\" height=\"577\" srcset=\"https:\/\/www.abogadasmf.com\/wp-content\/uploads\/2018\/02\/abogados-familia-barcelona.jpg 500w, https:\/\/www.abogadasmf.com\/wp-content\/uploads\/2018\/02\/abogados-familia-barcelona-260x300.jpg 260w, https:\/\/www.abogadasmf.com\/wp-content\/uploads\/2018\/02\/abogados-familia-barcelona-360x415.jpg 360w, https:\/\/www.abogadasmf.com\/wp-content\/uploads\/2018\/02\/abogados-familia-barcelona-262x302.jpg 262w\" sizes=\"auto, (max-width: 500px) 100vw, 500px\" \/><\/a><\/div><\/div><\/div><\/div>\n<div class=\"push\" style='height:30px'><\/div>\n","protected":false},"excerpt":{"rendered":"<p>Advocada Barcelona Mateo Ferr\u00fas Advocades \u00e9s un despatx especialitzat en Dret de Fam\u00edlia, Divorcis i Successions. Si necessites l&#8217;assessorament d&#8217;una advocada a Barcelona\u00a0no dubtis a posar-te en contacte amb nosaltres. En Mateo Ferr\u00fas Advocades t&#8217;oferim un assessorament personalitzat i t&#8217;acompanyem perqu\u00e8 les decisions legals importants de la teva vida puguis prendre-les amb el coneixement legal&#8230;<\/p>\n","protected":false},"author":19,"featured_media":0,"parent":0,"menu_order":0,"comment_status":"closed","ping_status":"closed","template":"","meta":{"footnotes":""},"class_list":["post-13184","page","type-page","status-publish","hentry"],"yoast_head":"<!-- This site is optimized with the Yoast SEO Premium plugin v27.4 (Yoast SEO v27.4) - https:\/\/yoast.com\/product\/yoast-seo-premium-wordpress\/ -->\n<title>Mateo Ferr\u00fas Advocades | Advocada a Barcelona<\/title>\n<meta name=\"description\" content=\"Advocada a Barcelona, especialitzats en Dret Successori. Planificaci\u00f3 d&#039;her\u00e8ncies i reclamaci\u00f3 de leg\u00edtimes. Demani Cita 930003848\" \/>\n<meta name=\"robots\" content=\"index, follow, max-snippet:-1, max-image-preview:large, max-video-preview:-1\" \/>\n<link rel=\"canonical\" href=\"https:\/\/www.abogadasmf.com\/ca\/advocada-barcelona-2\/\" \/>\n<meta property=\"og:locale\" content=\"ca_ES\" \/>\n<meta property=\"og:type\" content=\"article\" \/>\n<meta property=\"og:title\" content=\"Advocada Barcelona\" \/>\n<meta property=\"og:description\" content=\"Advocada a Barcelona, especialitzats en Dret Successori. Planificaci\u00f3 d&#039;her\u00e8ncies i reclamaci\u00f3 de leg\u00edtimes. Demani Cita 930003848\" \/>\n<meta property=\"og:url\" content=\"https:\/\/www.abogadasmf.com\/ca\/advocada-barcelona-2\/\" \/>\n<meta property=\"og:site_name\" content=\"Mateo Ferr\u00fas Abogadas\" \/>\n<meta property=\"article:publisher\" content=\"https:\/\/m.facebook.com\/MateoFerrusAbogadas\/\" \/>\n<meta property=\"og:image\" content=\"http:\/\/www.abogadasmf.com\/wp-content\/uploads\/2018\/02\/abogados-familia-barcelona.jpg\" \/>\n<meta name=\"twitter:card\" content=\"summary_large_image\" \/>\n<meta name=\"twitter:site\" content=\"@AbogadasMF\" \/>\n<meta name=\"twitter:label1\" content=\"Temps estimat de lectura\" \/>\n\t<meta name=\"twitter:data1\" content=\"3 minuts\" \/>\n<script type=\"application\/ld+json\" class=\"yoast-schema-graph\">{\"@context\":\"https:\\\/\\\/schema.org\",\"@graph\":[{\"@type\":\"WebPage\",\"@id\":\"https:\\\/\\\/www.abogadasmf.com\\\/ca\\\/advocada-barcelona-2\\\/\",\"url\":\"https:\\\/\\\/www.abogadasmf.com\\\/ca\\\/advocada-barcelona-2\\\/\",\"name\":\"Mateo Ferr\u00fas Advocades | Advocada a Barcelona\",\"isPartOf\":{\"@id\":\"https:\\\/\\\/abogadasmf.com\\\/#website\"},\"primaryImageOfPage\":{\"@id\":\"https:\\\/\\\/www.abogadasmf.com\\\/ca\\\/advocada-barcelona-2\\\/#primaryimage\"},\"image\":{\"@id\":\"https:\\\/\\\/www.abogadasmf.com\\\/ca\\\/advocada-barcelona-2\\\/#primaryimage\"},\"thumbnailUrl\":\"http:\\\/\\\/www.abogadasmf.com\\\/wp-content\\\/uploads\\\/2018\\\/02\\\/abogados-familia-barcelona.jpg\",\"datePublished\":\"2025-03-10T13:57:03+00:00\",\"description\":\"Advocada a Barcelona, especialitzats en Dret Successori. Planificaci\u00f3 d'her\u00e8ncies i reclamaci\u00f3 de leg\u00edtimes. Demani Cita 930003848\",\"breadcrumb\":{\"@id\":\"https:\\\/\\\/www.abogadasmf.com\\\/ca\\\/advocada-barcelona-2\\\/#breadcrumb\"},\"inLanguage\":\"ca\",\"potentialAction\":[{\"@type\":\"ReadAction\",\"target\":[\"https:\\\/\\\/www.abogadasmf.com\\\/ca\\\/advocada-barcelona-2\\\/\"]}]},{\"@type\":\"ImageObject\",\"inLanguage\":\"ca\",\"@id\":\"https:\\\/\\\/www.abogadasmf.com\\\/ca\\\/advocada-barcelona-2\\\/#primaryimage\",\"url\":\"http:\\\/\\\/www.abogadasmf.com\\\/wp-content\\\/uploads\\\/2018\\\/02\\\/abogados-familia-barcelona.jpg\",\"contentUrl\":\"http:\\\/\\\/www.abogadasmf.com\\\/wp-content\\\/uploads\\\/2018\\\/02\\\/abogados-familia-barcelona.jpg\"},{\"@type\":\"BreadcrumbList\",\"@id\":\"https:\\\/\\\/www.abogadasmf.com\\\/ca\\\/advocada-barcelona-2\\\/#breadcrumb\",\"itemListElement\":[{\"@type\":\"ListItem\",\"position\":1,\"name\":\"Home\",\"item\":\"https:\\\/\\\/www.abogadasmf.com\\\/ca\\\/\"},{\"@type\":\"ListItem\",\"position\":2,\"name\":\"Advocada Barcelona\"}]},{\"@type\":\"WebSite\",\"@id\":\"https:\\\/\\\/abogadasmf.com\\\/#website\",\"url\":\"https:\\\/\\\/abogadasmf.com\\\/\",\"name\":\"Mateo Ferr\u00fas Abogadas Barcelona\",\"description\":\"Abogada Matrimonialista Barcelona\",\"publisher\":{\"@id\":\"https:\\\/\\\/abogadasmf.com\\\/#organization\"},\"alternateName\":\"Mateo Ferr\u00fas Herencias Barcelona\",\"potentialAction\":[{\"@type\":\"SearchAction\",\"target\":{\"@type\":\"EntryPoint\",\"urlTemplate\":\"https:\\\/\\\/abogadasmf.com\\\/?s={search_term_string}\"},\"query-input\":{\"@type\":\"PropertyValueSpecification\",\"valueRequired\":true,\"valueName\":\"search_term_string\"}}],\"inLanguage\":\"ca\"},{\"@type\":[\"Organization\",\"Place\"],\"@id\":\"https:\\\/\\\/abogadasmf.com\\\/#organization\",\"name\":\"Mateo Ferr\u00fas Abogadas\",\"url\":\"https:\\\/\\\/abogadasmf.com\\\/\",\"logo\":{\"@id\":\"https:\\\/\\\/www.abogadasmf.com\\\/ca\\\/advocada-barcelona-2\\\/#local-main-organization-logo\"},\"image\":{\"@id\":\"https:\\\/\\\/www.abogadasmf.com\\\/ca\\\/advocada-barcelona-2\\\/#local-main-organization-logo\"},\"sameAs\":[\"https:\\\/\\\/m.facebook.com\\\/MateoFerrusAbogadas\\\/\",\"https:\\\/\\\/x.com\\\/AbogadasMF\"],\"address\":{\"@id\":\"https:\\\/\\\/www.abogadasmf.com\\\/ca\\\/advocada-barcelona-2\\\/#local-main-place-address\"},\"telephone\":[\"+34930003848\"],\"contactPoint\":{\"@type\":\"ContactPoint\",\"telephone\":\"930003848\",\"email\":\"info@abogadasmf.com\"},\"openingHoursSpecification\":[{\"@type\":\"OpeningHoursSpecification\",\"dayOfWeek\":[\"Monday\",\"Tuesday\",\"Wednesday\",\"Thursday\",\"Friday\",\"Saturday\",\"Sunday\"],\"opens\":\"09:00\",\"closes\":\"17:00\"}],\"email\":\"info@abogadasmf.com\"},{\"@type\":\"PostalAddress\",\"@id\":\"https:\\\/\\\/www.abogadasmf.com\\\/ca\\\/advocada-barcelona-2\\\/#local-main-place-address\",\"streetAddress\":\"Av. Diagonal 462 5-1\",\"addressLocality\":\"Barcelona\",\"postalCode\":\"08006\",\"addressCountry\":\"ES\"},{\"@type\":\"ImageObject\",\"inLanguage\":\"ca\",\"@id\":\"https:\\\/\\\/www.abogadasmf.com\\\/ca\\\/advocada-barcelona-2\\\/#local-main-organization-logo\",\"url\":\"https:\\\/\\\/www.abogadasmf.com\\\/wp-content\\\/uploads\\\/2013\\\/07\\\/Captura-de-pantalla-2017-01-22-11.51.20.png\",\"contentUrl\":\"https:\\\/\\\/www.abogadasmf.com\\\/wp-content\\\/uploads\\\/2013\\\/07\\\/Captura-de-pantalla-2017-01-22-11.51.20.png\",\"width\":1218,\"height\":1216,\"caption\":\"Mateo Ferr\u00fas Abogadas\"}]}<\/script>\n<meta name=\"geo.placename\" content=\"Barcelona\" \/>\n<meta name=\"geo.region\" content=\"Espanya\" \/>\n<!-- \/ Yoast SEO Premium plugin. -->","yoast_head_json":{"title":"Mateo Ferr\u00fas Advocades | Advocada a Barcelona","description":"Advocada a Barcelona, especialitzats en Dret Successori. Planificaci\u00f3 d'her\u00e8ncies i reclamaci\u00f3 de leg\u00edtimes. Demani Cita 930003848","robots":{"index":"index","follow":"follow","max-snippet":"max-snippet:-1","max-image-preview":"max-image-preview:large","max-video-preview":"max-video-preview:-1"},"canonical":"https:\/\/www.abogadasmf.com\/ca\/advocada-barcelona-2\/","og_locale":"ca_ES","og_type":"article","og_title":"Advocada Barcelona","og_description":"Advocada a Barcelona, especialitzats en Dret Successori. Planificaci\u00f3 d'her\u00e8ncies i reclamaci\u00f3 de leg\u00edtimes. Demani Cita 930003848","og_url":"https:\/\/www.abogadasmf.com\/ca\/advocada-barcelona-2\/","og_site_name":"Mateo Ferr\u00fas Abogadas","article_publisher":"https:\/\/m.facebook.com\/MateoFerrusAbogadas\/","og_image":[{"url":"http:\/\/www.abogadasmf.com\/wp-content\/uploads\/2018\/02\/abogados-familia-barcelona.jpg","type":"","width":"","height":""}],"twitter_card":"summary_large_image","twitter_site":"@AbogadasMF","twitter_misc":{"Temps estimat de lectura":"3 minuts"},"schema":{"@context":"https:\/\/schema.org","@graph":[{"@type":"WebPage","@id":"https:\/\/www.abogadasmf.com\/ca\/advocada-barcelona-2\/","url":"https:\/\/www.abogadasmf.com\/ca\/advocada-barcelona-2\/","name":"Mateo Ferr\u00fas Advocades | Advocada a Barcelona","isPartOf":{"@id":"https:\/\/abogadasmf.com\/#website"},"primaryImageOfPage":{"@id":"https:\/\/www.abogadasmf.com\/ca\/advocada-barcelona-2\/#primaryimage"},"image":{"@id":"https:\/\/www.abogadasmf.com\/ca\/advocada-barcelona-2\/#primaryimage"},"thumbnailUrl":"http:\/\/www.abogadasmf.com\/wp-content\/uploads\/2018\/02\/abogados-familia-barcelona.jpg","datePublished":"2025-03-10T13:57:03+00:00","description":"Advocada a Barcelona, especialitzats en Dret Successori. Planificaci\u00f3 d'her\u00e8ncies i reclamaci\u00f3 de leg\u00edtimes. Demani Cita 930003848","breadcrumb":{"@id":"https:\/\/www.abogadasmf.com\/ca\/advocada-barcelona-2\/#breadcrumb"},"inLanguage":"ca","potentialAction":[{"@type":"ReadAction","target":["https:\/\/www.abogadasmf.com\/ca\/advocada-barcelona-2\/"]}]},{"@type":"ImageObject","inLanguage":"ca","@id":"https:\/\/www.abogadasmf.com\/ca\/advocada-barcelona-2\/#primaryimage","url":"http:\/\/www.abogadasmf.com\/wp-content\/uploads\/2018\/02\/abogados-familia-barcelona.jpg","contentUrl":"http:\/\/www.abogadasmf.com\/wp-content\/uploads\/2018\/02\/abogados-familia-barcelona.jpg"},{"@type":"BreadcrumbList","@id":"https:\/\/www.abogadasmf.com\/ca\/advocada-barcelona-2\/#breadcrumb","itemListElement":[{"@type":"ListItem","position":1,"name":"Home","item":"https:\/\/www.abogadasmf.com\/ca\/"},{"@type":"ListItem","position":2,"name":"Advocada Barcelona"}]},{"@type":"WebSite","@id":"https:\/\/abogadasmf.com\/#website","url":"https:\/\/abogadasmf.com\/","name":"Mateo Ferr\u00fas Abogadas Barcelona","description":"Abogada Matrimonialista Barcelona","publisher":{"@id":"https:\/\/abogadasmf.com\/#organization"},"alternateName":"Mateo Ferr\u00fas Herencias Barcelona","potentialAction":[{"@type":"SearchAction","target":{"@type":"EntryPoint","urlTemplate":"https:\/\/abogadasmf.com\/?s={search_term_string}"},"query-input":{"@type":"PropertyValueSpecification","valueRequired":true,"valueName":"search_term_string"}}],"inLanguage":"ca"},{"@type":["Organization","Place"],"@id":"https:\/\/abogadasmf.com\/#organization","name":"Mateo Ferr\u00fas Abogadas","url":"https:\/\/abogadasmf.com\/","logo":{"@id":"https:\/\/www.abogadasmf.com\/ca\/advocada-barcelona-2\/#local-main-organization-logo"},"image":{"@id":"https:\/\/www.abogadasmf.com\/ca\/advocada-barcelona-2\/#local-main-organization-logo"},"sameAs":["https:\/\/m.facebook.com\/MateoFerrusAbogadas\/","https:\/\/x.com\/AbogadasMF"],"address":{"@id":"https:\/\/www.abogadasmf.com\/ca\/advocada-barcelona-2\/#local-main-place-address"},"telephone":["+34930003848"],"contactPoint":{"@type":"ContactPoint","telephone":"930003848","email":"info@abogadasmf.com"},"openingHoursSpecification":[{"@type":"OpeningHoursSpecification","dayOfWeek":["Monday","Tuesday","Wednesday","Thursday","Friday","Saturday","Sunday"],"opens":"09:00","closes":"17:00"}],"email":"info@abogadasmf.com"},{"@type":"PostalAddress","@id":"https:\/\/www.abogadasmf.com\/ca\/advocada-barcelona-2\/#local-main-place-address","streetAddress":"Av. Diagonal 462 5-1","addressLocality":"Barcelona","postalCode":"08006","addressCountry":"ES"},{"@type":"ImageObject","inLanguage":"ca","@id":"https:\/\/www.abogadasmf.com\/ca\/advocada-barcelona-2\/#local-main-organization-logo","url":"https:\/\/www.abogadasmf.com\/wp-content\/uploads\/2013\/07\/Captura-de-pantalla-2017-01-22-11.51.20.png","contentUrl":"https:\/\/www.abogadasmf.com\/wp-content\/uploads\/2013\/07\/Captura-de-pantalla-2017-01-22-11.51.20.png","width":1218,"height":1216,"caption":"Mateo Ferr\u00fas Abogadas"}]},"geo.placename":"Barcelona","geo.region":"Espanya"},"_links":{"self":[{"href":"https:\/\/www.abogadasmf.com\/ca\/wp-json\/wp\/v2\/pages\/13184","targetHints":{"allow":["GET"]}}],"collection":[{"href":"https:\/\/www.abogadasmf.com\/ca\/wp-json\/wp\/v2\/pages"}],"about":[{"href":"https:\/\/www.abogadasmf.com\/ca\/wp-json\/wp\/v2\/types\/page"}],"author":[{"embeddable":true,"href":"https:\/\/www.abogadasmf.com\/ca\/wp-json\/wp\/v2\/users\/19"}],"replies":[{"embeddable":true,"href":"https:\/\/www.abogadasmf.com\/ca\/wp-json\/wp\/v2\/comments?post=13184"}],"version-history":[{"count":0,"href":"https:\/\/www.abogadasmf.com\/ca\/wp-json\/wp\/v2\/pages\/13184\/revisions"}],"wp:attachment":[{"href":"https:\/\/www.abogadasmf.com\/ca\/wp-json\/wp\/v2\/media?parent=13184"}],"curies":[{"name":"wp","href":"https:\/\/api.w.org\/{rel}","templated":true}]}}